{"id":119,"date":"2020-02-06T09:20:10","date_gmt":"2020-02-06T09:20:10","guid":{"rendered":"https:\/\/litho.themezaa.com\/?page_id=119"},"modified":"2025-07-29T19:26:16","modified_gmt":"2025-07-29T19:26:16","slug":"maintenance","status":"publish","type":"page","link":"https:\/\/jessicabaloes.com.br\/desenvolvimento\/","title":{"rendered":"J\u00e9ssica Bal\u00f5es Campinas"},"content":{"rendered":"\t\t<div data-elementor-type=\"wp-page\" data-elementor-id=\"119\" class=\"elementor elementor-119\">\n\t\t\t\t\t\t<section class=\"elementor-section elementor-top-section elementor-element elementor-element-5be692a elementor-section-full_width elementor-section-height-default elementor-section-height-default\" data-id=\"5be692a\" data-element_type=\"section\">\n\t\t\t\t\t\t<div class=\"elementor-container elementor-column-gap-default\">\n\t\t\t\t\t<div class=\" elementor-column elementor-col-100 elementor-top-column elementor-element elementor-element-1654802\" data-fullscreen-column-settings=\"{&quot;fullscreen&quot;:&quot;&quot;}\" data-id=\"1654802\" data-element_type=\"column\">\n\t\t\t<div class=\"elementor-widget-wrap elementor-element-populated\">\n\t\t\t\t\t\t<div class=\"elementor-element elementor-element-3b11865 elementor-widget elementor-widget-slider_revolution\" data-id=\"3b11865\" data-element_type=\"widget\" data-widget_type=\"slider_revolution.default\">\n\t\t\t\t\t\n\t\t<div class=\"wp-block-themepunch-revslider\">\n\t\t\t<!-- START Maintenance Slider REVOLUTION SLIDER 6.7.35 --><p class=\"rs-p-wp-fix\"><\/p>\n\t\t\t<rs-module-wrap id=\"rev_slider_10_1_wrapper\" data-source=\"gallery\" style=\"visibility:hidden;background:linear-gradient(45deg, rgba(68,43,218,1) 0%, rgba(118,30,193,1) 100%);padding:0;\">\n\t\t\t\t<rs-module id=\"rev_slider_10_1\" style=\"\" data-version=\"6.7.35\">\n\t\t\t\t\t<rs-slides style=\"overflow: hidden; position: absolute;\">\n\t\t\t\t\t\t<rs-slide style=\"position: absolute;\" data-key=\"rs-24\" data-title=\"Slide\" data-in=\"o:0;\" data-out=\"a:false;\">\n\t\t\t\t\t\t\t<img decoding=\"async\" src=\"\/\/jessicabaloes.com.br\/desenvolvimento\/wp-content\/plugins\/revslider\/sr6\/assets\/assets\/dummy.png\" alt=\"Slide\" title=\"J\u00e9ssica Bal\u00f5es Campinas\" class=\"rev-slidebg tp-rs-img rs-lazyload\" data-lazyload=\"\/\/jessicabaloes.com.br\/desenvolvimento\/wp-content\/plugins\/revslider\/sr6\/assets\/assets\/transparent.png\" data-bg=\"c:linear-gradient(rgba(255,7,85,1) 0%, rgba(234,93,138,1) 100%);\" data-no-retina>\n<!--\n\t\t\t\t\t\t\t--><rs-group\n\t\t\t\t\t\t\t\tid=\"slider-10-slide-24-layer-7\" \n\t\t\t\t\t\t\t\tclass=\"social-icons\"\n\t\t\t\t\t\t\t\tdata-type=\"group\"\n\t\t\t\t\t\t\t\tdata-rsp_ch=\"on\"\n\t\t\t\t\t\t\t\tdata-xy=\"x:c;y:b;yo:204px,131px,282px,92px;\"\n\t\t\t\t\t\t\t\tdata-text=\"w:normal;a:center;\"\n\t\t\t\t\t\t\t\tdata-dim=\"w:92px,44px,62px,73px;h:51,35,20px,27px;\"\n\t\t\t\t\t\t\t\tdata-column=\"a:middle;\"\n\t\t\t\t\t\t\t\tdata-frame_0=\"o:1;\"\n\t\t\t\t\t\t\t\tdata-frame_999=\"o:0;st:w;sA:9000;\"\n\t\t\t\t\t\t\t\tstyle=\"z-index:10;\"\n\t\t\t\t\t\t\t><!--\n\t\t\t\t\t\t\t\t--><a\n\t\t\t\t\t\t\t\t\tid=\"slider-10-slide-24-layer-8\" \n\t\t\t\t\t\t\t\t\tclass=\"rs-layer\"\n\t\t\t\t\t\t\t\t\thref=\"https:\/\/www.instagram.com\/jessicabaloes\" target=\"_blank\" rel=\"nofollow noopener\"\n\t\t\t\t\t\t\t\t\tdata-type=\"text\"\n\t\t\t\t\t\t\t\t\tdata-rsp_ch=\"on\"\n\t\t\t\t\t\t\t\t\tdata-xy=\"\"\n\t\t\t\t\t\t\t\t\tdata-pos=\"a\"\n\t\t\t\t\t\t\t\t\tdata-text=\"w:normal;s:29,25,14,23;l:29,25,14,23;a:center;\"\n\t\t\t\t\t\t\t\t\tdata-basealign=\"group\"\n\t\t\t\t\t\t\t\t\tdata-frame_1=\"e:power4.inOut;st:1400;sp:1000;\"\n\t\t\t\t\t\t\t\t\tdata-frame_999=\"o:0;st:w;\"\n\t\t\t\t\t\t\t\t\tstyle=\"z-index:7;font-family:'Poppins';\"\n\t\t\t\t\t\t\t\t><i class=\"fab fa-instagram\"><\/i>  \n\t\t\t\t\t\t\t\t<\/a><!--\n\n\t\t\t\t\t\t\t\t--><a\n\t\t\t\t\t\t\t\t\tid=\"slider-10-slide-24-layer-9\" \n\t\t\t\t\t\t\t\t\tclass=\"rs-layer\"\n\t\t\t\t\t\t\t\t\thref=\"https:\/\/facebook.com\/Jessicambaloes\" target=\"_blank\" rel=\"nofollow noopener\"\n\t\t\t\t\t\t\t\t\tdata-type=\"text\"\n\t\t\t\t\t\t\t\t\tdata-rsp_ch=\"on\"\n\t\t\t\t\t\t\t\t\tdata-xy=\"xo:82px,40px,44px,54px;\"\n\t\t\t\t\t\t\t\t\tdata-pos=\"a\"\n\t\t\t\t\t\t\t\t\tdata-text=\"w:normal;s:29,25,14,23;l:29,25,14,23;a:center;\"\n\t\t\t\t\t\t\t\t\tdata-basealign=\"group\"\n\t\t\t\t\t\t\t\t\tdata-frame_1=\"e:power4.inOut;st:1500;sp:1000;\"\n\t\t\t\t\t\t\t\t\tdata-frame_999=\"o:0;st:w;\"\n\t\t\t\t\t\t\t\t\tstyle=\"z-index:6;font-family:'Poppins';\"\n\t\t\t\t\t\t\t\t><i class=\"fab fa-facebook-f\"><\/i> \n\t\t\t\t\t\t\t\t<\/a><!--\n\t\t\t\t\t\t\t--><\/rs-group><!--\n\n\t\t\t\t\t\t\t--><rs-layer\n\t\t\t\t\t\t\t\tid=\"slider-10-slide-24-layer-3\" \n\t\t\t\t\t\t\t\tdata-type=\"image\"\n\t\t\t\t\t\t\t\tdata-rsp_ch=\"on\"\n\t\t\t\t\t\t\t\tdata-xy=\"x:c;xo:-8px,0,0,-8px;yo:163px,74px,147px,29px;\"\n\t\t\t\t\t\t\t\tdata-text=\"w:normal;\"\n\t\t\t\t\t\t\t\tdata-dim=\"w:484px,497px,419px,354px;h:104px,107px,98px,79px;\"\n\t\t\t\t\t\t\t\tdata-wrpid=\"logo\"\n\t\t\t\t\t\t\t\tdata-margin=\"b:190,51,70,80;\"\n\t\t\t\t\t\t\t\tdata-frame_1=\"e:power4.inOut;sp:2000;\"\n\t\t\t\t\t\t\t\tdata-frame_999=\"o:0;st:w;\"\n\t\t\t\t\t\t\t\tstyle=\"z-index:9;\"\n\t\t\t\t\t\t\t><img fetchpriority=\"high\" decoding=\"async\" src=\"\/\/jessicabaloes.com.br\/desenvolvimento\/wp-content\/plugins\/revslider\/sr6\/assets\/assets\/dummy.png\" alt=\"\" class=\"tp-rs-img rs-lazyload\" width=\"1400\" height=\"300\" data-lazyload=\"\/\/jessicabaloes.com.br\/desenvolvimento\/wp-content\/uploads\/2025\/07\/Novo-Projeto.png\" data-no-retina> \n\t\t\t\t\t\t\t<\/rs-layer><!--\n\n\t\t\t\t\t\t\t--><rs-layer\n\t\t\t\t\t\t\t\tid=\"slider-10-slide-24-layer-4\" \n\t\t\t\t\t\t\t\tclass=\"big-text\"\n\t\t\t\t\t\t\t\tdata-type=\"text\"\n\t\t\t\t\t\t\t\tdata-rsp_ch=\"on\"\n\t\t\t\t\t\t\t\tdata-xy=\"x:c;xo:0,0,0,3px;yo:330px,255px,277px,204px;\"\n\t\t\t\t\t\t\t\tdata-text=\"w:normal;s:41,28,35,31;l:47,33,42,31;ls:-1px;fw:600;a:center;\"\n\t\t\t\t\t\t\t\tdata-dim=\"w:1043px,699px,557px,90%;\"\n\t\t\t\t\t\t\t\tdata-margin=\"b:30,18,17,10;\"\n\t\t\t\t\t\t\t\tdata-frame_0=\"y:50px,50px,50px,52px;blu:10px;\"\n\t\t\t\t\t\t\t\tdata-frame_1=\"st:500;sp:1000;\"\n\t\t\t\t\t\t\t\tdata-frame_999=\"o:0;st:w;\"\n\t\t\t\t\t\t\t\tstyle=\"z-index:8;font-family:'Montserrat';\"\n\t\t\t\t\t\t\t>NOSSO NOVO SITE EST\u00c1 EM DESENVOLVIMENTO! \n\t\t\t\t\t\t\t<\/rs-layer><!--\n\n\t\t\t\t\t\t\t--><rs-layer\n\t\t\t\t\t\t\t\tid=\"slider-10-slide-24-layer-5\" \n\t\t\t\t\t\t\t\tclass=\"small-text\"\n\t\t\t\t\t\t\t\tdata-type=\"text\"\n\t\t\t\t\t\t\t\tdata-rsp_ch=\"on\"\n\t\t\t\t\t\t\t\tdata-xy=\"x:c;yo:393px,307px,380px,294px;\"\n\t\t\t\t\t\t\t\tdata-text=\"w:normal;s:30,20,18,18;l:24,32,22,22;fw:800;a:center;\"\n\t\t\t\t\t\t\t\tdata-dim=\"w:779px,519px,65%,426px;\"\n\t\t\t\t\t\t\t\tdata-margin=\"b:60,42,32,20;\"\n\t\t\t\t\t\t\t\tdata-frame_0=\"y:50px,67px,67px,67px;blu:10px;\"\n\t\t\t\t\t\t\t\tdata-frame_1=\"o:0.77;st:800;sp:1000;\"\n\t\t\t\t\t\t\t\tdata-frame_999=\"o:0;st:w;\"\n\t\t\t\t\t\t\t\tstyle=\"z-index:7;font-family:'Montserrat';\"\n\t\t\t\t\t\t\t>Estamos de cara nova e em um novo endere\u00e7o!<br \/>\n \n\t\t\t\t\t\t\t<\/rs-layer><!--\n\n\t\t\t\t\t\t\t--><rs-layer\n\t\t\t\t\t\t\t\tid=\"slider-10-slide-24-layer-11\" \n\t\t\t\t\t\t\t\tclass=\"small-text\"\n\t\t\t\t\t\t\t\tdata-type=\"text\"\n\t\t\t\t\t\t\t\tdata-rsp_ch=\"on\"\n\t\t\t\t\t\t\t\tdata-xy=\"x:c;yo:465px,358px,450px,367px;\"\n\t\t\t\t\t\t\t\tdata-text=\"w:normal;s:25,20,18,18;l:24,24,22,22;fw:500;a:center;\"\n\t\t\t\t\t\t\t\tdata-dim=\"w:982px,799px,716px,95%;\"\n\t\t\t\t\t\t\t\tdata-margin=\"b:60,42,32,20;\"\n\t\t\t\t\t\t\t\tdata-frame_0=\"y:50px;blu:10px;\"\n\t\t\t\t\t\t\t\tdata-frame_1=\"o:0.77;st:800;sp:1000;\"\n\t\t\t\t\t\t\t\tdata-frame_999=\"o:0;st:w;\"\n\t\t\t\t\t\t\t\tstyle=\"z-index:6;font-family:'Montserrat';\"\n\t\t\t\t\t\t\t><b>Atendimento 100% on-line via WhatsApp.<\/b><br \/>\n<br \/>\n<br \/>\nRetiradas em nosso novo endere\u00e7o, somente com hor\u00e1rio agendado.<br \/>\n<br \/>\nEntre em contato pelo chat para d\u00favidas, or\u00e7amentos e outras informa\u00e7\u00f5es! \n\t\t\t\t\t\t\t<\/rs-layer><!--\n-->\t\t\t\t\t<\/rs-slide>\n\t\t\t\t\t<\/rs-slides>\n\t\t\t\t<\/rs-module>\n\t\t\t\t<script>\n\t\t\t\t\tsetREVStartSize({c: 'rev_slider_10_1',rl:[1240,1024,778,480],el:[950,768,960,720],gw:[1700,1024,778,480],gh:[950,768,960,720],type:'hero',justify:'',layout:'fullscreen',offsetContainer:'',offset:'',mh:\"0\"});if (window.RS_MODULES!==undefined && window.RS_MODULES.modules!==undefined && window.RS_MODULES.modules[\"revslider101\"]!==undefined) {window.RS_MODULES.modules[\"revslider101\"].once = false;window.revapi10 = undefined;if (window.RS_MODULES.checkMinimal!==undefined) window.RS_MODULES.checkMinimal()}\n\t\t\t\t<\/script>\n\t\t\t<\/rs-module-wrap>\n\t\t\t<!-- END REVOLUTION SLIDER -->\n<\/div>\n\n\t\t\t\t\t\t<\/div>\n\t\t\t\t\t<\/div>\n\t\t<\/div>\n\t\t\t\t\t<\/div>\n\t\t<\/section>\n\t\t\t\t<\/div>\n\t\t","protected":false},"excerpt":{"rendered":"","protected":false},"author":1,"featured_media":0,"parent":0,"menu_order":161,"comment_status":"closed","ping_status":"closed","template":"","meta":{"pagelayer_contact_templates":[],"_pagelayer_content":"","footnotes":""},"class_list":["post-119","page","type-page","status-publish","hentry"],"_links":{"self":[{"href":"https:\/\/jessicabaloes.com.br\/desenvolvimento\/wp-json\/wp\/v2\/pages\/119","targetHints":{"allow":["GET"]}}],"collection":[{"href":"https:\/\/jessicabaloes.com.br\/desenvolvimento\/wp-json\/wp\/v2\/pages"}],"about":[{"href":"https:\/\/jessicabaloes.com.br\/desenvolvimento\/wp-json\/wp\/v2\/types\/page"}],"author":[{"embeddable":true,"href":"https:\/\/jessicabaloes.com.br\/desenvolvimento\/wp-json\/wp\/v2\/users\/1"}],"replies":[{"embeddable":true,"href":"https:\/\/jessicabaloes.com.br\/desenvolvimento\/wp-json\/wp\/v2\/comments?post=119"}],"version-history":[{"count":2,"href":"https:\/\/jessicabaloes.com.br\/desenvolvimento\/wp-json\/wp\/v2\/pages\/119\/revisions"}],"predecessor-version":[{"id":75478,"href":"https:\/\/jessicabaloes.com.br\/desenvolvimento\/wp-json\/wp\/v2\/pages\/119\/revisions\/75478"}],"wp:attachment":[{"href":"https:\/\/jessicabaloes.com.br\/desenvolvimento\/wp-json\/wp\/v2\/media?parent=119"}],"curies":[{"name":"wp","href":"https:\/\/api.w.org\/{rel}","templated":true}]}}